{"id":7,"date":"2017-09-29T12:43:06","date_gmt":"2017-09-29T12:43:06","guid":{"rendered":"https:\/\/2018.jyvaskyla.wordcamp.org\/schedule\/"},"modified":"2018-01-25T22:23:58","modified_gmt":"2018-01-25T20:23:58","slug":"schedule","status":"publish","type":"page","link":"https:\/\/jyvaskyla.wordcamp.org\/2018\/schedule\/","title":{"rendered":"Aikataulu"},"content":{"rendered":"<h2>Perjantai 9.2.<\/h2>\n<table class=\"wcpt-schedule\" border=\"0\"><thead><tr><th class=\"wcpt-col-time\">Aika<\/th><th class=\"wcpt-col-track\"> <span class=\"wcpt-track-name\">Sali 1<\/span> <span class=\"wcpt-track-description\"><\/span> <\/th><th class=\"wcpt-col-track\"> <span class=\"wcpt-track-name\">Sali 2<\/span> <span class=\"wcpt-track-description\"><\/span> <\/th><\/tr><\/thead><tbody><tr class=\"wcpt-time-0830\"><td class=\"wcpt-time\">08:30<\/td><td colspan=\"1\" class=\"wcb-track-sali-1 wcpt-session-type-custom wcb-session-rekisteroityminen\" data-track-title=\"Sali 1\" data-session-id=\"962\"><div class=\"wcb-session-cell-content\"><span class=\"wcpt-session-title\">Rekister\u00f6ityminen<\/span><\/div><\/td><td class=\"wcpt-session-empty\"><\/td><\/tr><tr class=\"wcpt-time-0915\"><td class=\"wcpt-time\">09:15<\/td><td colspan=\"1\" class=\"wcb-track-sali-1 wcpt-session-type-custom wcb-session-alkusanat-opening-words\" data-track-title=\"Sali 1\" data-session-id=\"960\"><div class=\"wcb-session-cell-content\"><span class=\"wcpt-session-title\">Alkusanat \/ opening words<\/span><\/div><\/td><td class=\"wcpt-session-empty\"><\/td><\/tr><tr class=\"wcpt-time-0930\"><td class=\"wcpt-time\">09:30<\/td><td colspan=\"1\" class=\"wcb-speaker-viljami-kuosmanen wcb-track-sali-1 wcpt-session-type-session wcb-session-terraform-docker-heroku-aws-wordpress-devops-in-2018\" data-track-title=\"Sali 1\" data-session-id=\"358\"><div class=\"wcb-session-cell-content\"><a class=\"wcpt-session-title\" href=\"https:\/\/jyvaskyla.wordcamp.org\/2018\/session\/terraform-docker-heroku-aws-wordpress-devops-in-2018\/\">Terraform, Docker, Heroku, AWS: WordPress DevOps in 2018<\/a> <span class=\"wcpt-session-speakers\">Viljami Kuosmanen<\/span><\/div><div class=\"wcb-session-favourite-icon\"><a href=\"#\" role=\"button\" class=\"fav-session-button\" aria-pressed=\"false\"><span class=\"screen-reader-text\">Favorite session: Terraform, Docker, Heroku, AWS: WordPress DevOps in 2018<\/span><span class=\"dashicons dashicons-star-filled\"><\/span><\/a><\/div><\/td><td colspan=\"1\" class=\"wcb-speaker-christian-nikkanen wcb-track-sali-2 wcpt-session-type-session wcb-session-crash-course-into-headless-wordpress-development-with-react\" data-track-title=\"Sali 2\" data-session-id=\"430\"><div class=\"wcb-session-cell-content\"><a class=\"wcpt-session-title\" href=\"https:\/\/jyvaskyla.wordcamp.org\/2018\/session\/crash-course-into-headless-wordpress-development-with-react\/\">Crash course into headless WordPress development with React<\/a> <span class=\"wcpt-session-speakers\">Christian Nikkanen<\/span><\/div><div class=\"wcb-session-favourite-icon\"><a href=\"#\" role=\"button\" class=\"fav-session-button\" aria-pressed=\"false\"><span class=\"screen-reader-text\">Favorite session: Crash course into headless WordPress development with React<\/span><span class=\"dashicons dashicons-star-filled\"><\/span><\/a><\/div><\/td><\/tr><tr class=\"wcpt-time-1015 global-session kahvitauko\"><td class=\"wcpt-time\">10:15<\/td><td colspan=\"2\" class=\"wcb-track-sali-1 wcb-track-sali-2 wcpt-session-type-custom wcb-session-kahvitauko\" data-track-title=\"Sali 1, Sali 2\" data-session-id=\"929\"><div class=\"wcb-session-cell-content\"><span class=\"wcpt-session-title\">Kahvitauko<\/span><\/div><\/td><\/tr><tr class=\"wcpt-time-1045\"><td class=\"wcpt-time\">10:45<\/td><td colspan=\"1\" class=\"wcb-speaker-sauli-rajala wcb-speaker-amanda-koivisto wcb-track-sali-1 wcpt-session-type-session wcb-session-lyhyet-amanda-koivisto-ja-sauli-rajala\" data-track-title=\"Sali 1\" data-session-id=\"931\"><div class=\"wcb-session-cell-content\"><a class=\"wcpt-session-title\" href=\"https:\/\/jyvaskyla.wordcamp.org\/2018\/session\/lyhyet-amanda-koivisto-ja-sauli-rajala\/\">Lyhyet: Amanda Koivisto ja Sauli Rajala<\/a> <span class=\"wcpt-session-speakers\">Sauli Rajala, Amanda Koivisto<\/span><\/div><div class=\"wcb-session-favourite-icon\"><a href=\"#\" role=\"button\" class=\"fav-session-button\" aria-pressed=\"false\"><span class=\"screen-reader-text\">Favorite session: Lyhyet: Amanda Koivisto ja Sauli Rajala<\/span><span class=\"dashicons dashicons-star-filled\"><\/span><\/a><\/div><\/td><td colspan=\"1\" class=\"wcb-speaker-arto-liukkonen wcb-track-sali-2 wcpt-session-type-session wcb-session-demo-tyopaja-serverless-wordpress\" data-track-title=\"Sali 2\" data-session-id=\"527\"><div class=\"wcb-session-cell-content\"><a class=\"wcpt-session-title\" href=\"https:\/\/jyvaskyla.wordcamp.org\/2018\/session\/demo-tyopaja-serverless-wordpress\/\">Demo + ty\u00f6paja: Serverless WordPress<\/a> <span class=\"wcpt-session-speakers\">Arto Liukkonen<\/span><\/div><div class=\"wcb-session-favourite-icon\"><a href=\"#\" role=\"button\" class=\"fav-session-button\" aria-pressed=\"false\"><span class=\"screen-reader-text\">Favorite session: Demo + ty\u00f6paja: Serverless WordPress<\/span><span class=\"dashicons dashicons-star-filled\"><\/span><\/a><\/div><\/td><\/tr><tr class=\"wcpt-time-1130\"><td class=\"wcpt-time\">11:30<\/td><td colspan=\"1\" class=\"wcb-speaker-onni wcb-track-sali-1 wcpt-session-type-session wcb-session-miten-tehdaan-maksullista-sisaltoa-wordpressilla\" data-track-title=\"Sali 1\" data-session-id=\"509\"><div class=\"wcb-session-cell-content\"><a class=\"wcpt-session-title\" href=\"https:\/\/jyvaskyla.wordcamp.org\/2018\/session\/miten-tehdaan-maksullista-sisaltoa-wordpressilla\/\">Miten tehd\u00e4\u00e4n maksullista sis\u00e4lt\u00f6\u00e4 WordPressill\u00e4<\/a> <span class=\"wcpt-session-speakers\">Onni Hakala<\/span><\/div><div class=\"wcb-session-favourite-icon\"><a href=\"#\" role=\"button\" class=\"fav-session-button\" aria-pressed=\"false\"><span class=\"screen-reader-text\">Favorite session: Miten tehd\u00e4\u00e4n maksullista sis\u00e4lt\u00f6\u00e4 WordPressill\u00e4<\/span><span class=\"dashicons dashicons-star-filled\"><\/span><\/a><\/div><\/td><td colspan=\"1\" class=\"wcb-track-sali-2 wcpt-session-type-session wcb-session-demo-tyopaja-serverless-wordpress-jatkuu\" data-track-title=\"Sali 2\" data-session-id=\"936\"><div class=\"wcb-session-cell-content\"><a class=\"wcpt-session-title\" href=\"https:\/\/jyvaskyla.wordcamp.org\/2018\/session\/demo-tyopaja-serverless-wordpress-jatkuu\/\">Demo + ty\u00f6paja: Serverless WordPress (jatkuu)<\/a><\/div><div class=\"wcb-session-favourite-icon\"><a href=\"#\" role=\"button\" class=\"fav-session-button\" aria-pressed=\"false\"><span class=\"screen-reader-text\">Favorite session: Demo + ty\u00f6paja: Serverless WordPress (jatkuu)<\/span><span class=\"dashicons dashicons-star-filled\"><\/span><\/a><\/div><\/td><\/tr><tr class=\"wcpt-time-1215 global-session lounas\"><td class=\"wcpt-time\">12:15<\/td><td colspan=\"2\" class=\"wcb-track-sali-1 wcb-track-sali-2 wcpt-session-type-custom wcb-session-lounas\" data-track-title=\"Sali 1, Sali 2\" data-session-id=\"938\"><div class=\"wcb-session-cell-content\"><span class=\"wcpt-session-title\">Lounas<\/span><\/div><\/td><\/tr><tr class=\"wcpt-time-1345\"><td class=\"wcpt-time\">13:45<\/td><td colspan=\"1\" class=\"wcb-speaker-teemu-suoranta wcb-track-sali-1 wcpt-session-type-session wcb-session-miksi-frontend-kehittajan-pitaa-rakastaa-matematiikkaa\" data-track-title=\"Sali 1\" data-session-id=\"452\"><div class=\"wcb-session-cell-content\"><a class=\"wcpt-session-title\" href=\"https:\/\/jyvaskyla.wordcamp.org\/2018\/session\/miksi-frontend-kehittajan-pitaa-rakastaa-matematiikkaa\/\">Miksi frontend-kehitt\u00e4j\u00e4n pit\u00e4\u00e4 rakastaa matematiikkaa?<\/a> <span class=\"wcpt-session-speakers\">Teemu Suoranta<\/span><\/div><div class=\"wcb-session-favourite-icon\"><a href=\"#\" role=\"button\" class=\"fav-session-button\" aria-pressed=\"false\"><span class=\"screen-reader-text\">Favorite session: Miksi frontend-kehitt\u00e4j\u00e4n pit\u00e4\u00e4 rakastaa matematiikkaa?<\/span><span class=\"dashicons dashicons-star-filled\"><\/span><\/a><\/div><\/td><td colspan=\"1\" class=\"wcb-speaker-rolle wcb-track-sali-2 wcpt-session-type-session wcb-session-esteettomyys-osaksi-wordpress-teemakehitysta\" data-track-title=\"Sali 2\" data-session-id=\"495\"><div class=\"wcb-session-cell-content\"><a class=\"wcpt-session-title\" href=\"https:\/\/jyvaskyla.wordcamp.org\/2018\/session\/esteettomyys-osaksi-wordpress-teemakehitysta\/\">Esteett\u00f6myys osaksi WordPress-teemakehityst\u00e4<\/a> <span class=\"wcpt-session-speakers\">Roni Laukkarinen<\/span><\/div><div class=\"wcb-session-favourite-icon\"><a href=\"#\" role=\"button\" class=\"fav-session-button\" aria-pressed=\"false\"><span class=\"screen-reader-text\">Favorite session: Esteett\u00f6myys osaksi WordPress-teemakehityst\u00e4<\/span><span class=\"dashicons dashicons-star-filled\"><\/span><\/a><\/div><\/td><\/tr><tr class=\"wcpt-time-1430\"><td class=\"wcpt-time\">14:30<\/td><td colspan=\"1\" class=\"wcb-speaker-miika-arponen wcb-speaker-arunas-liuiza wcb-track-sali-1 wcpt-session-type-session wcb-session-lyhyet-miika-arponen-ja-arunas-liuiza\" data-track-title=\"Sali 1\" data-session-id=\"942\"><div class=\"wcb-session-cell-content\"><a class=\"wcpt-session-title\" href=\"https:\/\/jyvaskyla.wordcamp.org\/2018\/session\/lyhyet-miika-arponen-ja-arunas-liuiza\/\">Lyhyet: Miika Arponen ja Ar\u016bnas Liuiza<\/a> <span class=\"wcpt-session-speakers\">Miika Arponen, Ar\u016bnas Liuiza<\/span><\/div><div class=\"wcb-session-favourite-icon\"><a href=\"#\" role=\"button\" class=\"fav-session-button\" aria-pressed=\"false\"><span class=\"screen-reader-text\">Favorite session: Lyhyet: Miika Arponen ja Ar\u016bnas Liuiza<\/span><span class=\"dashicons dashicons-star-filled\"><\/span><\/a><\/div><\/td><td colspan=\"1\" class=\"wcb-speaker-rianrietveld wcb-track-sali-2 wcpt-session-type-session wcb-session-accessibility-testing\" data-track-title=\"Sali 2\" data-session-id=\"485\"><div class=\"wcb-session-cell-content\"><a class=\"wcpt-session-title\" href=\"https:\/\/jyvaskyla.wordcamp.org\/2018\/session\/accessibility-testing\/\">Ty\u00f6paja: Accessibility Testing (EN)<\/a> <span class=\"wcpt-session-speakers\">Rian Rietveld<\/span><\/div><div class=\"wcb-session-favourite-icon\"><a href=\"#\" role=\"button\" class=\"fav-session-button\" aria-pressed=\"false\"><span class=\"screen-reader-text\">Favorite session: Ty\u00f6paja: Accessibility Testing (EN)<\/span><span class=\"dashicons dashicons-star-filled\"><\/span><\/a><\/div><\/td><\/tr><tr class=\"wcpt-time-1515 global-session kahvitauko\"><td class=\"wcpt-time\">15:15<\/td><td colspan=\"2\" class=\"wcb-track-sali-1 wcb-track-sali-2 wcpt-session-type-custom wcb-session-kahvitauko-2\" data-track-title=\"Sali 1, Sali 2\" data-session-id=\"952\"><div class=\"wcb-session-cell-content\"><span class=\"wcpt-session-title\">Kahvitauko<\/span><\/div><\/td><\/tr><tr class=\"wcpt-time-1545\"><td class=\"wcpt-time\">15:45<\/td><td colspan=\"1\" class=\"wcb-speaker-otto-kekalainen wcb-track-sali-1 wcpt-session-type-session wcb-session-automatic-testing-and-quality-assurance-for-wordpress-plugins\" data-track-title=\"Sali 1\" data-session-id=\"518\"><div class=\"wcb-session-cell-content\"><a class=\"wcpt-session-title\" href=\"https:\/\/jyvaskyla.wordcamp.org\/2018\/session\/automatic-testing-and-quality-assurance-for-wordpress-plugins\/\">Automatic testing and quality assurance for WordPress plugins<\/a> <span class=\"wcpt-session-speakers\">Otto Kek\u00e4l\u00e4inen<\/span><\/div><div class=\"wcb-session-favourite-icon\"><a href=\"#\" role=\"button\" class=\"fav-session-button\" aria-pressed=\"false\"><span class=\"screen-reader-text\">Favorite session: Automatic testing and quality assurance for WordPress plugins<\/span><span class=\"dashicons dashicons-star-filled\"><\/span><\/a><\/div><\/td><td colspan=\"1\" class=\"wcb-track-sali-2 wcpt-session-type-session wcb-session-accessibility-testing-jatkuu\" data-track-title=\"Sali 2\" data-session-id=\"956\"><div class=\"wcb-session-cell-content\"><a class=\"wcpt-session-title\" href=\"https:\/\/jyvaskyla.wordcamp.org\/2018\/session\/accessibility-testing-jatkuu\/\">Accessibility testing (jatkuu)<\/a><\/div><div class=\"wcb-session-favourite-icon\"><a href=\"#\" role=\"button\" class=\"fav-session-button\" aria-pressed=\"false\"><span class=\"screen-reader-text\">Favorite session: Accessibility testing (jatkuu)<\/span><span class=\"dashicons dashicons-star-filled\"><\/span><\/a><\/div><\/td><\/tr><tr class=\"wcpt-time-1630\"><td class=\"wcpt-time\">16:30<\/td><td colspan=\"1\" class=\"wcb-speaker-mikko-saari wcb-track-sali-1 wcpt-session-type-session wcb-session-add_filter-ja-do_action-devaajan-pelastus\" data-track-title=\"Sali 1\" data-session-id=\"338\"><div class=\"wcb-session-cell-content\"><a class=\"wcpt-session-title\" href=\"https:\/\/jyvaskyla.wordcamp.org\/2018\/session\/add_filter-ja-do_action-devaajan-pelastus\/\">add_filter() ja do_action() \u2013 devaajan pelastus<\/a> <span class=\"wcpt-session-speakers\">Mikko Saari<\/span><\/div><div class=\"wcb-session-favourite-icon\"><a href=\"#\" role=\"button\" class=\"fav-session-button\" aria-pressed=\"false\"><span class=\"screen-reader-text\">Favorite session: add_filter() ja do_action() \u2013 devaajan pelastus<\/span><span class=\"dashicons dashicons-star-filled\"><\/span><\/a><\/div><\/td><td colspan=\"1\" class=\"wcb-track-sali-2 wcpt-session-type-session wcb-session-accessibility-testing-jatkuu-2\" data-track-title=\"Sali 2\" data-session-id=\"958\"><div class=\"wcb-session-cell-content\"><a class=\"wcpt-session-title\" href=\"https:\/\/jyvaskyla.wordcamp.org\/2018\/session\/accessibility-testing-jatkuu-2\/\">Accessibility testing (jatkuu)<\/a><\/div><div class=\"wcb-session-favourite-icon\"><a href=\"#\" role=\"button\" class=\"fav-session-button\" aria-pressed=\"false\"><span class=\"screen-reader-text\">Favorite session: Accessibility testing (jatkuu)<\/span><span class=\"dashicons dashicons-star-filled\"><\/span><\/a><\/div><\/td><\/tr><tr class=\"wcpt-time-1715\"><td class=\"wcpt-time\">17:15<\/td><td colspan=\"1\" class=\"wcb-track-sali-1 wcpt-session-type-session wcb-session-loppusanat-closing-words\" data-track-title=\"Sali 1\" data-session-id=\"964\"><div class=\"wcb-session-cell-content\"><a class=\"wcpt-session-title\" href=\"https:\/\/jyvaskyla.wordcamp.org\/2018\/session\/loppusanat-closing-words\/\">Loppusanat \/ closing words<\/a><\/div><div class=\"wcb-session-favourite-icon\"><a href=\"#\" role=\"button\" class=\"fav-session-button\" aria-pressed=\"false\"><span class=\"screen-reader-text\">Favorite session: Loppusanat \/ closing words<\/span><span class=\"dashicons dashicons-star-filled\"><\/span><\/a><\/div><\/td><td class=\"wcpt-session-empty\"><\/td><\/tr><\/tbody><\/table>\n\t<div class=\"email-form fav-session-email-form-hide\">\n\t\t<!-- Tab links -->\n\t\t<div class=\"fav-session-share-tab\">\n\t\t\t\t\t\t\t<div class=\"fav-session-tablinks\" id=\"fav-session-btn-email\">\n\t\t\t\t\tS\u00e4hk\u00f6posti\t\t\t\t<\/div>\n\t\t\t\n\t\t\t<div class=\"fav-session-tablinks\" id=\"fav-session-btn-link\">\n\t\t\t\tLink\t\t\t<\/div>\n\n\t\t\t<div class=\"fav-session-tablinks\" id=\"fav-session-btn-print\">\n\t\t\t\tPrint\t\t\t<\/div>\n\t\t<\/div>\n\n\t\t<!-- Tab content -->\n\t\t\t\t\t<div id=\"fav-session-tab-email\" class=\"fav-session-share-tabcontent\">\n\t\t\t\t<div id=\"fav-session-email-form\">\n\t\t\t\t\tSend me my favorite sessions:\n\t\t\t\t\t<form id=\"fav-sessions-form\">\n\t\t\t\t\t\t<input\n\t\t\t\t\t\t\ttype=\"text\"\n\t\t\t\t\t\t\tname=\"email_address\"\n\t\t\t\t\t\t\tid=\"fav-sessions-email-address\"\n\t\t\t\t\t\t\tplaceholder=\"me@protonmail.com\"\n\t\t\t\t\t\t\/>\n\t\t\t\t\t\t<input type=\"submit\" value=\"Send\" \/>\n\t\t\t\t\t<\/form>\n\t\t\t\t<\/div>\n\n\t\t\t\t<div class=\"fav-session-email-wait-spinner\"><\/div>\n\t\t\t\t<div class=\"fav-session-email-result\"><\/div>\n\t\t\t<\/div>\n\t\t\n\t\t<div id=\"fav-session-tab-link\" class=\"fav-session-share-tabcontent\">\n\t\t\tShareable link:\t\t\t<br \/>\n\t\t\t<a id=\"fav-sessions-link\" href=\"\"><\/a>\n\t\t<\/div>\n\n\t\t<div id=\"fav-session-tab-print\" class=\"fav-session-share-tabcontent\">\n\t\t\t<button id=\"fav-session-print\">\n\t\t\t\tPrint favorite sessions\t\t\t<\/button>\n\t\t<\/div>\n\t<\/div>\n\n\t<a class=\"show-email-form\" href=\"javascript:\">\n\t\t<span class=\"dashicons dashicons-star-filled\"><\/span>\n\t\t<span class=\"dashicons dashicons-email-alt\"><\/span>\n\t<\/a>\n\n\t\n<h2>Jatkot \/ Afterparty<\/h2>\n<p>Viralliset jatkot pidet\u00e4\u00e4n <a href=\"http:\/\/www.ravintolamutka.fi\/\">Ravintola Mutkassa<\/a> alkaen klo 19:30. Ravintola Mutka l\u00f6ytyy Kauppalaispihalta muutaman minuutin k\u00e4velymatkan p\u00e4\u00e4st\u00e4 tapahtumapaikalta.<\/p>\n<p>Drinkkilippuja jaetaan ravintolaan saavuttaessa ja lipulla voi ostaa tapahtuman nimikkodrinkin tai valita muista vaihtoehdoista, joihin kuuluu mietoja alkoholijuomia ja limpparia.<\/p>\n<p>Yksityiset jatkot p\u00e4\u00e4ttyv\u00e4t noin klo 22, jonka j\u00e4lkeen ovet avataan my\u00f6s muille k\u00e4vij\u00f6ille.<\/p>\n","protected":false},"excerpt":{"rendered":"<p>Perjantai 9.2. Jatkot \/ Afterparty Viralliset jatkot pidet\u00e4\u00e4n Ravintola Mutkassa alkaen klo 19:30. Ravintola Mutka l\u00f6ytyy Kauppalaispihalta muutaman minuutin k\u00e4velymatkan p\u00e4\u00e4st\u00e4 tapahtumapaikalta. Drinkkilippuja jaetaan ravintolaan saavuttaessa ja lipulla voi ostaa tapahtuman nimikkodrinkin tai valita muista vaihtoehdoista, joihin kuuluu mietoja alkoholijuomia ja limpparia. Yksityiset jatkot p\u00e4\u00e4ttyv\u00e4t noin klo 22, jonka j\u00e4lkeen ovet avataan my\u00f6s muille k\u00e4vij\u00f6ille.<\/p>\n","protected":false},"author":14210269,"featured_media":0,"parent":0,"menu_order":0,"comment_status":"closed","ping_status":"closed","template":"","meta":{"jetpack_post_was_ever_published":false,"footnotes":""},"class_list":["post-7","page","type-page","status-publish","hentry"],"jetpack_sharing_enabled":true,"jetpack_shortlink":"https:\/\/wp.me\/P9eqvY-7","_links":{"self":[{"href":"https:\/\/jyvaskyla.wordcamp.org\/2018\/wp-json\/wp\/v2\/pages\/7","targetHints":{"allow":["GET"]}}],"collection":[{"href":"https:\/\/jyvaskyla.wordcamp.org\/2018\/wp-json\/wp\/v2\/pages"}],"about":[{"href":"https:\/\/jyvaskyla.wordcamp.org\/2018\/wp-json\/wp\/v2\/types\/page"}],"author":[{"embeddable":true,"href":"https:\/\/jyvaskyla.wordcamp.org\/2018\/wp-json\/wp\/v2\/users\/14210269"}],"replies":[{"embeddable":true,"href":"https:\/\/jyvaskyla.wordcamp.org\/2018\/wp-json\/wp\/v2\/comments?post=7"}],"version-history":[{"count":6,"href":"https:\/\/jyvaskyla.wordcamp.org\/2018\/wp-json\/wp\/v2\/pages\/7\/revisions"}],"predecessor-version":[{"id":1197,"href":"https:\/\/jyvaskyla.wordcamp.org\/2018\/wp-json\/wp\/v2\/pages\/7\/revisions\/1197"}],"wp:attachment":[{"href":"https:\/\/jyvaskyla.wordcamp.org\/2018\/wp-json\/wp\/v2\/media?parent=7"}],"curies":[{"name":"wp","href":"https:\/\/api.w.org\/{rel}","templated":true}]}}