{"id":164,"date":"2017-10-18T15:54:18","date_gmt":"2017-10-18T15:54:18","guid":{"rendered":"https:\/\/2018.jyvaskyla.wordcamp.org\/?page_id=164"},"modified":"2017-10-24T21:39:47","modified_gmt":"2017-10-24T18:39:47","slug":"tietoa","status":"publish","type":"page","link":"https:\/\/jyvaskyla.wordcamp.org\/2018\/tietoa\/","title":{"rendered":"Tietoa"},"content":{"rendered":"<p>WordCampit ovat\u00a0rentoja, paikallisesti j\u00e4rjestettyj\u00e4 WordPress-aiheisia konferensseja. WordPress on ilmainen ja l\u00e4hdekoodiltaan avoin henkil\u00f6kohtainen julkaisualusta, joka py\u00f6ritt\u00e4\u00e4 yli 75 miljoonaa www-sivustoa maailmanlaajuisesti.<\/p>\n<p>9. helmikuuta Jyv\u00e4skyl\u00e4ss\u00e4 j\u00e4rjestett\u00e4v\u00e4 WordCamp Jyv\u00e4skyl\u00e4 2018 on j\u00e4rjestyksess\u00e4\u00e4n nelj\u00e4s tapahtuma Suomessa. Ensimm\u00e4inen j\u00e4rjestettiin Tampereella toukokuussa 2015, toinen sek\u00e4 kolmas Helsingiss\u00e4 vuosina 2016 ja 2017.<\/p>\n<p>WordCamp Jyv\u00e4skyl\u00e4 2018 keskittyy tarjoamaan kiinnostavaa sek\u00e4 laadukasta sis\u00e4lt\u00f6\u00e4 kehitt\u00e4jille, jotka l\u00f6yt\u00e4v\u00e4t itsens\u00e4 usein WordPressiin liittyv\u00e4n koodin parista.<\/p>\n<p>Voit katsoa aikaisempien vuosien videot t\u00e4\u00e4lt\u00e4:\u00a0<a href=\"http:\/\/wordpress.tv\/event\/wordcamp-finland-2015\/\">2015<\/a>, <a href=\"http:\/\/wordpress.tv\/event\/wordcamp-finland-2016\/\">2016<\/a>, <a href=\"https:\/\/wordpress.tv\/event\/wordcamp-helsinki-2017\/\">2017<\/a>.<\/p>\n","protected":false},"excerpt":{"rendered":"<p>WordCampit ovat\u00a0rentoja, paikallisesti j\u00e4rjestettyj\u00e4 WordPress-aiheisia konferensseja. WordPress on ilmainen ja l\u00e4hdekoodiltaan avoin henkil\u00f6kohtainen julkaisualusta, joka py\u00f6ritt\u00e4\u00e4 yli 75 miljoonaa www-sivustoa maailmanlaajuisesti. 9. helmikuuta Jyv\u00e4skyl\u00e4ss\u00e4 j\u00e4rjestett\u00e4v\u00e4 WordCamp Jyv\u00e4skyl\u00e4 2018 on j\u00e4rjestyksess\u00e4\u00e4n nelj\u00e4s tapahtuma Suomessa. Ensimm\u00e4inen j\u00e4rjestettiin Tampereella toukokuussa 2015, toinen sek\u00e4 kolmas Helsingiss\u00e4 vuosina 2016 ja 2017. WordCamp Jyv\u00e4skyl\u00e4 2018 keskittyy tarjoamaan kiinnostavaa sek\u00e4 laadukasta sis\u00e4lt\u00f6\u00e4 [&hellip;]<\/p>\n","protected":false},"author":14210269,"featured_media":0,"parent":0,"menu_order":0,"comment_status":"closed","ping_status":"closed","template":"","meta":{"jetpack_post_was_ever_published":false,"footnotes":""},"class_list":["post-164","page","type-page","status-publish","hentry"],"jetpack_sharing_enabled":true,"jetpack_shortlink":"https:\/\/wp.me\/P9eqvY-2E","_links":{"self":[{"href":"https:\/\/jyvaskyla.wordcamp.org\/2018\/wp-json\/wp\/v2\/pages\/164","targetHints":{"allow":["GET"]}}],"collection":[{"href":"https:\/\/jyvaskyla.wordcamp.org\/2018\/wp-json\/wp\/v2\/pages"}],"about":[{"href":"https:\/\/jyvaskyla.wordcamp.org\/2018\/wp-json\/wp\/v2\/types\/page"}],"author":[{"embeddable":true,"href":"https:\/\/jyvaskyla.wordcamp.org\/2018\/wp-json\/wp\/v2\/users\/14210269"}],"replies":[{"embeddable":true,"href":"https:\/\/jyvaskyla.wordcamp.org\/2018\/wp-json\/wp\/v2\/comments?post=164"}],"version-history":[{"count":12,"href":"https:\/\/jyvaskyla.wordcamp.org\/2018\/wp-json\/wp\/v2\/pages\/164\/revisions"}],"predecessor-version":[{"id":303,"href":"https:\/\/jyvaskyla.wordcamp.org\/2018\/wp-json\/wp\/v2\/pages\/164\/revisions\/303"}],"wp:attachment":[{"href":"https:\/\/jyvaskyla.wordcamp.org\/2018\/wp-json\/wp\/v2\/media?parent=164"}],"curies":[{"name":"wp","href":"https:\/\/api.w.org\/{rel}","templated":true}]}}