{"id":13,"date":"2017-12-05T21:04:31","date_gmt":"2017-12-05T19:04:31","guid":{"rendered":"https:\/\/2018.jyvaskyla.wordcamp.org\/?page_id=13"},"modified":"2018-01-26T15:35:50","modified_gmt":"2018-01-26T13:35:50","slug":"tickets","status":"publish","type":"page","link":"https:\/\/jyvaskyla.wordcamp.org\/2018\/tickets\/","title":{"rendered":"Liput \/ Tickets"},"content":{"rendered":"<p>Lippu kattaa p\u00e4\u00e4syn tapahtumap\u00e4iv\u00e4n sessioihin ja ty\u00f6pajoihin, aamupalan, lounaan, kahvit sek\u00e4 p\u00e4\u00e4syn after-partyyn. \/ The ticket covers the entire\u00a0conference day on Friday, breakfast, lunch, coffee and entrance to the after-party.<\/p>\n<p><strong>Lipun tietojen omatoiminen muuttaminen ei ole en\u00e4\u00e4 mahdollista tapahtumapaikalle tehtyjen ilmoitusten vuoksi. Jos sinulla on tarve siirt\u00e4\u00e4 lippu toiselle henkil\u00f6lle tai muuttaa lipun tietoja muusta syyst\u00e4, l\u00e4het\u00e4 meille postia <a href=\"mailto:jyvaskyla@wordcamp.org\">jyvaskyla@wordcamp.org<\/a>.<\/strong><\/p>\n<p><strong>Please note that modifying ticket information by yourself is not possible anymore. If you need to make changes to your ticket, contact us via <a href=\"mailto:jyvaskyla@wordcamp.org\">email<\/a>.<\/strong><\/p>\n<p>Tapahtumassa tulee olemaan valo- ja videokuvaajia dokumentoimassa p\u00e4iv\u00e4\u00e4 yhteis\u00f6\u00e4 varten sek\u00e4 markkinonnillisiin tarkoituksiin. Osallistumalla tapahtumaan annat suostumuksesi sellaisten valokuvien ja videoiden k\u00e4ytt\u00f6\u00f6n, joissa saatat n\u00e4ky\u00e4 osallistumassa WordCamp Jyv\u00e4skyl\u00e4 2018 tapahtumaan.<\/p>\n<p>Liput eiv\u00e4t ole palautettavissa, mutta voit muuttaa sen tietoja oston j\u00e4lkeen ja siirt\u00e4\u00e4 lipun n\u00e4in toiselle henkil\u00f6lle.<\/p>\n<p>For community-building and promotional purposes, there will be volunteer and\/or professional photographers and videographers at the WordCamp event. By attending the event, you consent to your image being used in resulting photos or videos that may show your participation in the WordCamp.<\/p>\n<p>Tickets are non-refundable, but you can change your details after you&#8217;ve purchased it.<\/p>\n","protected":false},"excerpt":{"rendered":"<p>Lippu kattaa p\u00e4\u00e4syn tapahtumap\u00e4iv\u00e4n sessioihin ja ty\u00f6pajoihin, aamupalan, lounaan, kahvit sek\u00e4 p\u00e4\u00e4syn after-partyyn. \/ The ticket covers the entire\u00a0conference day on Friday, breakfast, lunch, coffee and entrance to the after-party. Lipun tietojen omatoiminen muuttaminen ei ole en\u00e4\u00e4 mahdollista tapahtumapaikalle tehtyjen ilmoitusten vuoksi. Jos sinulla on tarve siirt\u00e4\u00e4 lippu toiselle henkil\u00f6lle tai muuttaa lipun tietoja muusta [&hellip;]<\/p>\n","protected":false},"author":14210269,"featured_media":0,"parent":0,"menu_order":0,"comment_status":"closed","ping_status":"closed","template":"","meta":{"jetpack_post_was_ever_published":false,"footnotes":""},"class_list":["post-13","page","type-page","status-publish","hentry"],"jetpack_sharing_enabled":false,"jetpack_shortlink":"https:\/\/wp.me\/P9eqvY-d","_links":{"self":[{"href":"https:\/\/jyvaskyla.wordcamp.org\/2018\/wp-json\/wp\/v2\/pages\/13","targetHints":{"allow":["GET"]}}],"collection":[{"href":"https:\/\/jyvaskyla.wordcamp.org\/2018\/wp-json\/wp\/v2\/pages"}],"about":[{"href":"https:\/\/jyvaskyla.wordcamp.org\/2018\/wp-json\/wp\/v2\/types\/page"}],"author":[{"embeddable":true,"href":"https:\/\/jyvaskyla.wordcamp.org\/2018\/wp-json\/wp\/v2\/users\/14210269"}],"replies":[{"embeddable":true,"href":"https:\/\/jyvaskyla.wordcamp.org\/2018\/wp-json\/wp\/v2\/comments?post=13"}],"version-history":[{"count":7,"href":"https:\/\/jyvaskyla.wordcamp.org\/2018\/wp-json\/wp\/v2\/pages\/13\/revisions"}],"predecessor-version":[{"id":1203,"href":"https:\/\/jyvaskyla.wordcamp.org\/2018\/wp-json\/wp\/v2\/pages\/13\/revisions\/1203"}],"wp:attachment":[{"href":"https:\/\/jyvaskyla.wordcamp.org\/2018\/wp-json\/wp\/v2\/media?parent=13"}],"curies":[{"name":"wp","href":"https:\/\/api.w.org\/{rel}","templated":true}]}}