{"id":12,"date":"2017-09-29T12:43:06","date_gmt":"2017-09-29T12:43:06","guid":{"rendered":"https:\/\/2018.jyvaskyla.wordcamp.org\/organizers\/"},"modified":"2017-10-18T15:40:23","modified_gmt":"2017-10-18T15:40:23","slug":"jarjestajat","status":"publish","type":"page","link":"https:\/\/jyvaskyla.wordcamp.org\/2018\/jarjestajat\/","title":{"rendered":"J\u00e4rjest\u00e4j\u00e4t"},"content":{"rendered":"\t<div class=\"wcorg-organizers\">\n\n\t\t\n\t\t\t<div class=\"wcorg-organizer\">\n\t\t\t\t<h2>Timi Wahalahti<\/h2>\n\t\t\t\t<div class=\"wcorg-organizer-description\">\n\t\t\t\t\t\t\t\t\t\t<img alt='' src='https:\/\/secure.gravatar.com\/avatar\/15c1992340b393e287c6050901b6c4a5a10204d854c84ee8be6be84aca77de95?s=100&#038;d=mm&#038;r=g' srcset='https:\/\/secure.gravatar.com\/avatar\/15c1992340b393e287c6050901b6c4a5a10204d854c84ee8be6be84aca77de95?s=200&#038;d=mm&#038;r=g 2x' class='avatar avatar-100 photo' height='100' width='100' \/>\t\t\t\t\t<p>Timi on <a href=\"https:\/\/dude.fi\" rel=\"nofollow\">Digitoimisto Duden<\/a> taustakehitt\u00e4j\u00e4, <a href=\"https:\/\/twitter.com\/wpjyvaskyla\">Jyv\u00e4skyl\u00e4n WordPress meetuppien<\/a> yksi j\u00e4rjest\u00e4jist\u00e4, ensimm\u00e4isen <a href=\"https:\/\/sawp.fi\">suomenkielisen WordPressi\u00e4 k\u00e4sittelev\u00e4n podcastin<\/a> is\u00e4 sek\u00e4 vakiovieras ja pahemman luokan yhteis\u00f6n\u00f6rtti.\u00a0Ty\u00f6n ja WordPressin ulkopuolella Timin aika kuluu tavalla tai toisella py\u00f6r\u00e4ilyn ja yhdistystoiminnan parissa.<\/p>\n\t\t\t\t<\/div>\n\t\t\t<\/div>\n\n\t\t\n\t\t\t<div class=\"wcorg-organizer\">\n\t\t\t\t<h2>Tiia Rantanen<\/h2>\n\t\t\t\t<div class=\"wcorg-organizer-description\">\n\t\t\t\t\t\t\t\t\t\t<img alt='' src='https:\/\/secure.gravatar.com\/avatar\/76cfd931f5a1e2a7e43864aeb6c257c22f9e3635dd8dee58b0fd0dcfc7cd71f5?s=100&#038;d=mm&#038;r=g' srcset='https:\/\/secure.gravatar.com\/avatar\/76cfd931f5a1e2a7e43864aeb6c257c22f9e3635dd8dee58b0fd0dcfc7cd71f5?s=200&#038;d=mm&#038;r=g 2x' class='avatar avatar-100 photo' height='100' width='100' \/>\t\t\t\t\t<p>Tiia toimii web-kehitt\u00e4j\u00e4n\u00e4 ja tietosuoja<del>diktaat<\/del>&#8230;<u>vastaavana<\/u> <a href=\"https:\/\/www.trimedia.fi\/\" rel=\"nofollow\">Trimedialla<\/a>. Joskus aikoinaan py\u00f6r\u00e4hti puhumassa Suomen ensimm\u00e4isess\u00e4 WordCampiss\u00e4 ja on my\u00f6s paasannut tietosuojasta paikallisessa meetupissa. Ottaa vakavasti kaksi asiaa el\u00e4m\u00e4ss\u00e4; koodaamisen ja koiranpennut.<\/p>\n\t\t\t\t<\/div>\n\t\t\t<\/div>\n\n\t\t\n\t\t\t<div class=\"wcorg-organizer\">\n\t\t\t\t<h2>Tuomas Jakonen<\/h2>\n\t\t\t\t<div class=\"wcorg-organizer-description\">\n\t\t\t\t\t\t\t\t\t\t<img alt='' src='https:\/\/secure.gravatar.com\/avatar\/85f07fecd2a87fcc3b2046a075bba72e02c3fb590adef763ef4c1f04e54a42a9?s=100&#038;d=mm&#038;r=g' srcset='https:\/\/secure.gravatar.com\/avatar\/85f07fecd2a87fcc3b2046a075bba72e02c3fb590adef763ef4c1f04e54a42a9?s=200&#038;d=mm&#038;r=g 2x' class='avatar avatar-100 photo' height='100' width='100' \/>\t\t\t\t\t<p>Tuomas toimii front-end devaajana <a href=\"https:\/\/www.meom.fi\" rel=\"nofollow\">MEOMilla<\/a>. WordPressin lis\u00e4ksi fiilistelyn piiriin kuuluu musiikki sek\u00e4 urheilu.<\/p>\n\t\t\t\t<\/div>\n\t\t\t<\/div>\n\n\t\t\n\t\t\t<div class=\"wcorg-organizer\">\n\t\t\t\t<h2>Daniel Koskinen<\/h2>\n\t\t\t\t<div class=\"wcorg-organizer-description\">\n\t\t\t\t\t\t\t\t\t\t<img alt='' src='https:\/\/secure.gravatar.com\/avatar\/26be20509d874de0c92acfc6b665612bb62d6fa263b94807c5844e514982eaa2?s=100&#038;d=mm&#038;r=g' srcset='https:\/\/secure.gravatar.com\/avatar\/26be20509d874de0c92acfc6b665612bb62d6fa263b94807c5844e514982eaa2?s=200&#038;d=mm&#038;r=g 2x' class='avatar avatar-100 photo' height='100' width='100' \/>\t\t\t\t\t<p>Daniel rakentaa ja yll\u00e4pit\u00e4\u00e4 verkkosivustoja\u00a0<a href=\"https:\/\/www.zeelandfamily.fi\">Zeeland Familylla<\/a> tittelill\u00e4 Website Services Lead ja on yksi pisimp\u00e4\u00e4n Suomessa WordPressin parissa ty\u00f6skennelleist\u00e4 web-ammattilaisista. Vuodesta 2009 l\u00e4htien h\u00e4n on ollut p\u00e4\u00e4vastuussa suomenkielisen WordPressin k\u00e4\u00e4nn\u00f6sty\u00f6n organisoinnista ja j\u00e4rjesti ensimm\u00e4isen suomalaisen WordCampin Tampereella vuonna 2015.<\/p>\n\t\t\t\t<\/div>\n\t\t\t<\/div>\n\n\t\t\n\t\t\t<div class=\"wcorg-organizer\">\n\t\t\t\t<h2>Sami Keijonen<\/h2>\n\t\t\t\t<div class=\"wcorg-organizer-description\">\n\t\t\t\t\t\t\t\t\t\t<img alt='' src='https:\/\/secure.gravatar.com\/avatar\/ccaa88499ddddbbb1c5112a92e6b2f4e695ae1bf78135a548dda049c5025ef93?s=100&#038;d=mm&#038;r=g' srcset='https:\/\/secure.gravatar.com\/avatar\/ccaa88499ddddbbb1c5112a92e6b2f4e695ae1bf78135a548dda049c5025ef93?s=200&#038;d=mm&#038;r=g 2x' class='avatar avatar-100 photo' height='100' width='100' \/>\t\t\t\t\t<p>Sami on opettaja ja frond-end devaaja, joka liputtaa\u00a0 saavutettavien verkkopalvelujen puolesta.<\/p>\n\t\t\t\t<\/div>\n\t\t\t<\/div>\n\n\t\t\n\t<\/div><!-- .wcorg-organizers -->\n\t\n","protected":false},"excerpt":{"rendered":"","protected":false},"author":14210269,"featured_media":0,"parent":0,"menu_order":0,"comment_status":"closed","ping_status":"closed","template":"","meta":{"jetpack_post_was_ever_published":false,"footnotes":""},"class_list":["post-12","page","type-page","status-publish","hentry"],"jetpack_sharing_enabled":true,"jetpack_shortlink":"https:\/\/wp.me\/P9eqvY-c","_links":{"self":[{"href":"https:\/\/jyvaskyla.wordcamp.org\/2018\/wp-json\/wp\/v2\/pages\/12","targetHints":{"allow":["GET"]}}],"collection":[{"href":"https:\/\/jyvaskyla.wordcamp.org\/2018\/wp-json\/wp\/v2\/pages"}],"about":[{"href":"https:\/\/jyvaskyla.wordcamp.org\/2018\/wp-json\/wp\/v2\/types\/page"}],"author":[{"embeddable":true,"href":"https:\/\/jyvaskyla.wordcamp.org\/2018\/wp-json\/wp\/v2\/users\/14210269"}],"replies":[{"embeddable":true,"href":"https:\/\/jyvaskyla.wordcamp.org\/2018\/wp-json\/wp\/v2\/comments?post=12"}],"version-history":[{"count":2,"href":"https:\/\/jyvaskyla.wordcamp.org\/2018\/wp-json\/wp\/v2\/pages\/12\/revisions"}],"predecessor-version":[{"id":149,"href":"https:\/\/jyvaskyla.wordcamp.org\/2018\/wp-json\/wp\/v2\/pages\/12\/revisions\/149"}],"wp:attachment":[{"href":"https:\/\/jyvaskyla.wordcamp.org\/2018\/wp-json\/wp\/v2\/media?parent=12"}],"curies":[{"name":"wp","href":"https:\/\/api.w.org\/{rel}","templated":true}]}}