{"id":11,"date":"2017-09-29T12:43:06","date_gmt":"2017-09-29T12:43:06","guid":{"rendered":"https:\/\/2018.jyvaskyla.wordcamp.org\/location\/"},"modified":"2018-02-08T16:25:15","modified_gmt":"2018-02-08T14:25:15","slug":"tapahtumapaikka","status":"publish","type":"page","link":"https:\/\/jyvaskyla.wordcamp.org\/2018\/tapahtumapaikka\/","title":{"rendered":"Tapahtumapaikka"},"content":{"rendered":"<p><em><a href=\"https:\/\/2018.jyvaskyla.wordcamp.org\/?page_id=131&amp;preview=true\">Information in English<\/a>.<\/em><\/p>\n<p>WordCamp Jyv\u00e4skyl\u00e4 2018 j\u00e4rjestet\u00e4\u00e4n\u00a0<a href=\"https:\/\/www.sokoshotels.fi\/fi\/jyvaskyla\/sokos-hotel-alexandra\">Sokos Hotel Alexandrassa<\/a>\u00a0(Hannikaisenkatu 35).<\/p>\n<p>Tapahtumapaikka on aivan Jyv\u00e4skyl\u00e4n keskustassa, noin kahden minuutin k\u00e4velyn p\u00e4\u00e4ss\u00e4 Matkakeskukselta johon junat sek\u00e4 bussit saapuvat. Kaikki keskustan palvelut ovat v\u00e4litt\u00f6m\u00e4ss\u00e4 l\u00e4heisyydess\u00e4 ja saavutettavissa alle viiden minuutin k\u00e4velyll\u00e4.<\/p>\n<h2>Saapuminen paikalle<\/h2>\n<p>Jyv\u00e4skyl\u00e4n keskusta on tiivis ja kaikki palvelut sijaitsevat k\u00e4velymatkan p\u00e4\u00e4ss\u00e4 tapahtumapaikasta. K\u00e4velyreittej\u00e4 voi tarkistaa <a href=\"http:\/\/maps.google.com\">Google Mapsista<\/a>.\u00a0<a href=\"https:\/\/reittiopas.jyvaskyla.fi\/reittiopas\">Paikallisliikenteen reittiopas<\/a>\u00a0auttaa jos sinulla on tarve matkustaa pidemm\u00e4lle tai haluat tutustua Keski-Suomen luonnonkauniisiin maisemiin tapahtuman ulkopuolella.<\/p>\n<p>L\u00e4hell\u00e4 sijaitsee kolme Jyv\u00e4s-Parkin pys\u00e4k\u00f6intitaloa: <a href=\"http:\/\/www.jyvasparkki.fi\/pysakointitalo.php?id=p-matkakeskus\">matkakeskus<\/a>, <a href=\"http:\/\/www.jyvasparkki.fi\/pysakointitalo.php?id=p-asema\">asema<\/a> sek\u00e4 <a href=\"http:\/\/www.jyvasparkki.fi\/pysakointitalo.php?id=p-sokos\">sokos<\/a>. Taksipalveluista vastaa <a href=\"http:\/\/jytaksi.fi\/\">JYTAKSI<\/a>\u00a0jonka kautta voit tilata taksin numerosta\u00a0<a href=\"tel:01006900\">0100 6900<\/a>\u00a0tai <a href=\"http:\/\/valopilkkutaksi.fi\/\">Valopilkku<\/a> -sovelluksella.<\/p>\n<h2>After-party<\/h2>\n<p>After-party j\u00e4rjestet\u00e4\u00e4n Ravintola Mutkassa alkaen klo 19:30. Ravintola Mutka l\u00f6ytyy Kauppalaispihalta muutaman minuutin k\u00e4velymatkan p\u00e4\u00e4st\u00e4 tapahtumapaikalta.<\/p>\n<h2>Majoittuminen<\/h2>\n<p>Olemme sopineet alennuksesta osallistujillemme\u00a0<a href=\"https:\/\/www.sokoshotels.fi\/fi\/jyvaskyla\/sokos-hotel-alexandra\">Sokos Hotel Alexandran<\/a> kanssa.<\/p>\n<p>Majoitustarjous 9.-10.2.2018 v\u00e4liselle ajalle Original Sokos Hotel Alexandrasta hintaan:<br \/>\n89 \u20ac\/1h-standard<br \/>\n99 \u20ac\/2h-standard<\/p>\n<p>Hintaan sis\u00e4ltyy majoitus, aamiainen sek\u00e4 hotelliasukassaunan k\u00e4ytt\u00f6. Kiinti\u00f6\u00f6n on varattu my\u00f6s joitakin jo torstaina varattavia huoneita.<\/p>\n<p>Varaukset koodilla \u201dWordCamp\u201d 19.1.2018 menness\u00e4 Jyv\u00e4skyl\u00e4n Sokos Hotellien myyntipalvelusta p. 020 1234 640 tai sales.jyvaskyla@sokoshotels.fi.<\/p>\n<p>Muita hotelleja tapahtumapaikan l\u00e4hell\u00e4: <a href=\"http:\/\/hotelliverso.fi\/\">Verso<\/a>, <a href=\"https:\/\/www.sokoshotels.fi\/fi\/jyvaskyla\/solo-sokos-hotel-paviljonki\">Sokos Hotel Paviljonki<\/a> <em>(huom! alennus ei koske t\u00e4t\u00e4 hotellia)<\/em>, <a href=\"http:\/\/hotelliyopuu.fi\/\">Y\u00f6puu<\/a>, <a href=\"https:\/\/www.cumulus.fi\/hotellit\/jyvaskyla\/cumulus-city-jyvaskyla\">Cumulus<\/a>, <a href=\"https:\/\/www.scandichotels.fi\/hotellit\/suomi\/jyvaskyla\/scandic-jyvaskyla\">Scandic<\/a>, <a href=\"https:\/\/www.omenahotels.com\/fi\/hotellit\/jyvaskyla\/\">Omena Hotels<\/a>\u00a0ja\u00a0<a href=\"http:\/\/hotellialba.fi\">Hotelli Alba<\/a>.<\/p>\n","protected":false},"excerpt":{"rendered":"<p>Information in English. WordCamp Jyv\u00e4skyl\u00e4 2018 j\u00e4rjestet\u00e4\u00e4n\u00a0Sokos Hotel Alexandrassa\u00a0(Hannikaisenkatu 35). Tapahtumapaikka on aivan Jyv\u00e4skyl\u00e4n keskustassa, noin kahden minuutin k\u00e4velyn p\u00e4\u00e4ss\u00e4 Matkakeskukselta johon junat sek\u00e4 bussit saapuvat. Kaikki keskustan palvelut ovat v\u00e4litt\u00f6m\u00e4ss\u00e4 l\u00e4heisyydess\u00e4 ja saavutettavissa alle viiden minuutin k\u00e4velyll\u00e4. Saapuminen paikalle Jyv\u00e4skyl\u00e4n keskusta on tiivis ja kaikki palvelut sijaitsevat k\u00e4velymatkan p\u00e4\u00e4ss\u00e4 tapahtumapaikasta. K\u00e4velyreittej\u00e4 voi tarkistaa Google [&hellip;]<\/p>\n","protected":false},"author":14210269,"featured_media":0,"parent":0,"menu_order":0,"comment_status":"closed","ping_status":"closed","template":"","meta":{"jetpack_post_was_ever_published":false,"footnotes":""},"class_list":["post-11","page","type-page","status-publish","hentry"],"jetpack_sharing_enabled":true,"jetpack_shortlink":"https:\/\/wp.me\/P9eqvY-b","_links":{"self":[{"href":"https:\/\/jyvaskyla.wordcamp.org\/2018\/wp-json\/wp\/v2\/pages\/11","targetHints":{"allow":["GET"]}}],"collection":[{"href":"https:\/\/jyvaskyla.wordcamp.org\/2018\/wp-json\/wp\/v2\/pages"}],"about":[{"href":"https:\/\/jyvaskyla.wordcamp.org\/2018\/wp-json\/wp\/v2\/types\/page"}],"author":[{"embeddable":true,"href":"https:\/\/jyvaskyla.wordcamp.org\/2018\/wp-json\/wp\/v2\/users\/14210269"}],"replies":[{"embeddable":true,"href":"https:\/\/jyvaskyla.wordcamp.org\/2018\/wp-json\/wp\/v2\/comments?post=11"}],"version-history":[{"count":13,"href":"https:\/\/jyvaskyla.wordcamp.org\/2018\/wp-json\/wp\/v2\/pages\/11\/revisions"}],"predecessor-version":[{"id":1250,"href":"https:\/\/jyvaskyla.wordcamp.org\/2018\/wp-json\/wp\/v2\/pages\/11\/revisions\/1250"}],"wp:attachment":[{"href":"https:\/\/jyvaskyla.wordcamp.org\/2018\/wp-json\/wp\/v2\/media?parent=11"}],"curies":[{"name":"wp","href":"https:\/\/api.w.org\/{rel}","templated":true}]}}